{"id":55,"date":"2025-02-14T19:37:15","date_gmt":"2025-02-14T18:37:15","guid":{"rendered":"https:\/\/tapicerialslaronda.es\/?page_id=55"},"modified":"2025-02-17T22:29:11","modified_gmt":"2025-02-17T21:29:11","slug":"quienes-somos","status":"publish","type":"page","link":"https:\/\/tapicerialslaronda.es\/en\/quienes-somos\/","title":{"rendered":"Who we are"},"content":{"rendered":"<div data-elementor-type=\"wp-page\" data-elementor-id=\"55\" class=\"elementor elementor-55\" data-elementor-post-type=\"page\">\n\t\t\t\t\t\t<section class=\"elementor-section elementor-top-section elementor-element elementor-element-bec6619 elementor-section-boxed elementor-section-height-default elementor-section-height-default\" data-id=\"bec6619\" data-element_type=\"section\" data-e-type=\"section\" data-settings=\"{&quot;background_background&quot;:&quot;classic&quot;}\">\n\t\t\t\t\t\t<div class=\"elementor-container elementor-column-gap-default\">\n\t\t\t\t\t<div class=\"elementor-column elementor-col-100 elementor-top-column elementor-element elementor-element-39dfbb5\" data-id=\"39dfbb5\" data-element_type=\"column\" data-e-type=\"column\">\n\t\t\t<div class=\"elementor-widget-wrap elementor-element-populated\">\n\t\t\t\t\t\t<div class=\"elementor-element elementor-element-7cf733f elementor-widget elementor-widget-heading\" data-id=\"7cf733f\" data-element_type=\"widget\" data-e-type=\"widget\" data-widget_type=\"heading.default\">\n\t\t\t\t<div class=\"elementor-widget-container\">\n\t\t\t\t\t<h2 class=\"elementor-heading-title elementor-size-default\">Who we are<\/h2>\t\t\t\t<\/div>\n\t\t\t\t<\/div>\n\t\t\t\t<div class=\"elementor-element elementor-element-1f73d0b elementor-widget elementor-widget-text-editor\" data-id=\"1f73d0b\" data-element_type=\"widget\" data-e-type=\"widget\" data-widget_type=\"text-editor.default\">\n\t\t\t\t<div class=\"elementor-widget-container\">\n\t\t\t\t\t\t\t\t\t<p>In Leansa Solutions we are experts in upholstery for homes, businesses, boats and vehicles. We are renowned for our quality, attention to detail and commitment to each project.&#034;<\/p>\t\t\t\t\t\t\t\t<\/div>\n\t\t\t\t<\/div>\n\t\t\t\t\t<\/div>\n\t\t<\/div>\n\t\t\t\t\t<\/div>\n\t\t<\/section>\n\t\t\t\t<section class=\"elementor-section elementor-top-section elementor-element elementor-element-13e90910 elementor-section-boxed elementor-section-height-default elementor-section-height-default\" data-id=\"13e90910\" data-element_type=\"section\" data-e-type=\"section\">\n\t\t\t\t\t\t<div class=\"elementor-container elementor-column-gap-default\">\n\t\t\t\t\t<div class=\"elementor-column elementor-col-33 elementor-top-column elementor-element elementor-element-7414e3\" data-id=\"7414e3\" data-element_type=\"column\" data-e-type=\"column\">\n\t\t\t<div class=\"elementor-widget-wrap elementor-element-populated\">\n\t\t\t\t\t\t<section class=\"elementor-section elementor-inner-section elementor-element elementor-element-2ea8d2f elementor-section-boxed elementor-section-height-default elementor-section-height-default\" data-id=\"2ea8d2f\" data-element_type=\"section\" data-e-type=\"section\">\n\t\t\t\t\t\t<div class=\"elementor-container elementor-column-gap-default\">\n\t\t\t\t\t<div class=\"elementor-column elementor-col-100 elementor-inner-column elementor-element elementor-element-527e237b\" data-id=\"527e237b\" data-element_type=\"column\" data-e-type=\"column\">\n\t\t\t<div class=\"elementor-widget-wrap elementor-element-populated\">\n\t\t\t\t\t\t<div class=\"elementor-element elementor-element-718f3ee0 elementor-widget elementor-widget-heading\" data-id=\"718f3ee0\" data-element_type=\"widget\" data-e-type=\"widget\" data-widget_type=\"heading.default\">\n\t\t\t\t<div class=\"elementor-widget-container\">\n\t\t\t\t\t<h2 class=\"elementor-heading-title elementor-size-default\">Commitment to excellence<\/h2>\t\t\t\t<\/div>\n\t\t\t\t<\/div>\n\t\t\t\t<div class=\"elementor-element elementor-element-2e4301f0 elementor-widget elementor-widget-text-editor\" data-id=\"2e4301f0\" data-element_type=\"widget\" data-e-type=\"widget\" data-widget_type=\"text-editor.default\">\n\t\t\t\t<div class=\"elementor-widget-container\">\n\t\t\t\t\t\t\t\t\t<p data-start=\"357\" data-end=\"636\">In <strong data-start=\"360\" data-end=\"381\">Leansa Soluciones<\/strong>each project is an opportunity to transform spaces and give a new life to furniture and upholstery. We specialize in upholstery for homes, hotels, boats, cars and motorcycles, always ensuring quality, precision and a perfect finish.<\/p><p data-start=\"934\" data-end=\"1103\">Whether you need to restore a sofa, renew the upholstery of your vehicle or give them a new style to your business, in <strong data-start=\"1050\" data-end=\"1071\">Leansa Soluciones<\/strong> we make your project a reality.<\/p>\t\t\t\t\t\t\t\t<\/div>\n\t\t\t\t<\/div>\n\t\t\t\t<div class=\"elementor-element elementor-element-76b20a9e elementor-align-left elementor-widget elementor-widget-button\" data-id=\"76b20a9e\" data-element_type=\"widget\" data-e-type=\"widget\" data-widget_type=\"button.default\">\n\t\t\t\t<div class=\"elementor-widget-container\">\n\t\t\t\t\t\t\t\t\t<div class=\"elementor-button-wrapper\">\n\t\t\t\t\t<a class=\"elementor-button elementor-button-link elementor-size-sm elementor-animation-grow\" href=\"https:\/\/tapicerialslaronda.es\/en\/servicios\/\">\n\t\t\t\t\t\t<span class=\"elementor-button-content-wrapper\">\n\t\t\t\t\t\t\t\t\t<span class=\"elementor-button-text\">View Services<\/span>\n\t\t\t\t\t<\/span>\n\t\t\t\t\t<\/a>\n\t\t\t\t<\/div>\n\t\t\t\t\t\t\t\t<\/div>\n\t\t\t\t<\/div>\n\t\t\t\t\t<\/div>\n\t\t<\/div>\n\t\t\t\t\t<\/div>\n\t\t<\/section>\n\t\t\t\t\t<\/div>\n\t\t<\/div>\n\t\t\t\t<div class=\"elementor-column elementor-col-66 elementor-top-column elementor-element elementor-element-a8c32f4\" data-id=\"a8c32f4\" data-element_type=\"column\" data-e-type=\"column\">\n\t\t\t<div class=\"elementor-widget-wrap elementor-element-populated\">\n\t\t\t\t\t\t<div class=\"elementor-element elementor-element-30f27a60 elementor-widget elementor-widget-image\" data-id=\"30f27a60\" data-element_type=\"widget\" data-e-type=\"widget\" data-widget_type=\"image.default\">\n\t\t\t\t<div class=\"elementor-widget-container\">\n\t\t\t\t\t\t\t\t\t\t\t\t\t\t\t<img fetchpriority=\"high\" decoding=\"async\" width=\"768\" height=\"1024\" src=\"https:\/\/tapicerialslaronda.es\/wp-content\/uploads\/2025\/02\/1ecd426c-4000-417d-bbe0-30ff92e41210-768x1024.jpg\" class=\"attachment-large size-large wp-image-236\" alt=\"\" srcset=\"https:\/\/tapicerialslaronda.es\/wp-content\/uploads\/2025\/02\/1ecd426c-4000-417d-bbe0-30ff92e41210-768x1024.jpg 768w, https:\/\/tapicerialslaronda.es\/wp-content\/uploads\/2025\/02\/1ecd426c-4000-417d-bbe0-30ff92e41210-225x300.jpg 225w, https:\/\/tapicerialslaronda.es\/wp-content\/uploads\/2025\/02\/1ecd426c-4000-417d-bbe0-30ff92e41210-1152x1536.jpg 1152w, https:\/\/tapicerialslaronda.es\/wp-content\/uploads\/2025\/02\/1ecd426c-4000-417d-bbe0-30ff92e41210.jpg 1200w\" sizes=\"(max-width: 768px) 100vw, 768px\" \/>\t\t\t\t\t\t\t\t\t\t\t\t\t\t\t<\/div>\n\t\t\t\t<\/div>\n\t\t\t\t\t<\/div>\n\t\t<\/div>\n\t\t\t\t\t<\/div>\n\t\t<\/section>\n\t\t\t\t<section class=\"elementor-section elementor-top-section elementor-element elementor-element-779f82d9 elementor-section-boxed elementor-section-height-default elementor-section-height-default\" data-id=\"779f82d9\" data-element_type=\"section\" data-e-type=\"section\" data-settings=\"{&quot;background_background&quot;:&quot;classic&quot;}\">\n\t\t\t\t\t\t<div class=\"elementor-container elementor-column-gap-default\">\n\t\t\t\t\t<div class=\"elementor-column elementor-col-50 elementor-top-column elementor-element elementor-element-34eab8ba\" data-id=\"34eab8ba\" data-element_type=\"column\" data-e-type=\"column\">\n\t\t\t<div class=\"elementor-widget-wrap elementor-element-populated\">\n\t\t\t\t\t\t<div class=\"elementor-element elementor-element-1f91df29 elementor-widget elementor-widget-image\" data-id=\"1f91df29\" data-element_type=\"widget\" data-e-type=\"widget\" data-widget_type=\"image.default\">\n\t\t\t\t<div class=\"elementor-widget-container\">\n\t\t\t\t\t\t\t\t\t\t\t\t\t\t\t<img decoding=\"async\" width=\"800\" height=\"600\" src=\"https:\/\/tapicerialslaronda.es\/wp-content\/uploads\/2025\/02\/c569133c-11a3-4adc-97e3-2ee1ef9a90b4-1024x768.jpg\" class=\"attachment-large size-large wp-image-247\" alt=\"\" srcset=\"https:\/\/tapicerialslaronda.es\/wp-content\/uploads\/2025\/02\/c569133c-11a3-4adc-97e3-2ee1ef9a90b4-1024x768.jpg 1024w, https:\/\/tapicerialslaronda.es\/wp-content\/uploads\/2025\/02\/c569133c-11a3-4adc-97e3-2ee1ef9a90b4-300x225.jpg 300w, https:\/\/tapicerialslaronda.es\/wp-content\/uploads\/2025\/02\/c569133c-11a3-4adc-97e3-2ee1ef9a90b4-768x576.jpg 768w, https:\/\/tapicerialslaronda.es\/wp-content\/uploads\/2025\/02\/c569133c-11a3-4adc-97e3-2ee1ef9a90b4-1536x1152.jpg 1536w, https:\/\/tapicerialslaronda.es\/wp-content\/uploads\/2025\/02\/c569133c-11a3-4adc-97e3-2ee1ef9a90b4.jpg 1600w\" sizes=\"(max-width: 800px) 100vw, 800px\" \/>\t\t\t\t\t\t\t\t\t\t\t\t\t\t\t<\/div>\n\t\t\t\t<\/div>\n\t\t\t\t\t<\/div>\n\t\t<\/div>\n\t\t\t\t<div class=\"elementor-column elementor-col-50 elementor-top-column elementor-element elementor-element-563ddf3c\" data-id=\"563ddf3c\" data-element_type=\"column\" data-e-type=\"column\">\n\t\t\t<div class=\"elementor-widget-wrap elementor-element-populated\">\n\t\t\t\t\t\t<section class=\"elementor-section elementor-inner-section elementor-element elementor-element-3da9186b elementor-section-boxed elementor-section-height-default elementor-section-height-default\" data-id=\"3da9186b\" data-element_type=\"section\" data-e-type=\"section\">\n\t\t\t\t\t\t<div class=\"elementor-container elementor-column-gap-default\">\n\t\t\t\t\t<div class=\"elementor-column elementor-col-100 elementor-inner-column elementor-element elementor-element-5e0580b\" data-id=\"5e0580b\" data-element_type=\"column\" data-e-type=\"column\">\n\t\t\t<div class=\"elementor-widget-wrap elementor-element-populated\">\n\t\t\t\t\t\t<div class=\"elementor-element elementor-element-6bbd25e elementor-widget elementor-widget-heading\" data-id=\"6bbd25e\" data-element_type=\"widget\" data-e-type=\"widget\" data-widget_type=\"heading.default\">\n\t\t\t\t<div class=\"elementor-widget-container\">\n\t\t\t\t\t<h2 class=\"elementor-heading-title elementor-size-default\">Mission<\/h2>\t\t\t\t<\/div>\n\t\t\t\t<\/div>\n\t\t\t\t<div class=\"elementor-element elementor-element-82f5fc6 elementor-widget elementor-widget-text-editor\" data-id=\"82f5fc6\" data-element_type=\"widget\" data-e-type=\"widget\" data-widget_type=\"text-editor.default\">\n\t\t\t\t<div class=\"elementor-widget-container\">\n\t\t\t\t\t\t\t\t\t<p><em>Provide solutions for upholstery of high quality, combining craftsmanship, premium materials and a personalized service to transform the spaces of our clients in style and comfort.<\/em><\/p>\t\t\t\t\t\t\t\t<\/div>\n\t\t\t\t<\/div>\n\t\t\t\t<div class=\"elementor-element elementor-element-52c1450 elementor-widget elementor-widget-heading\" data-id=\"52c1450\" data-element_type=\"widget\" data-e-type=\"widget\" data-widget_type=\"heading.default\">\n\t\t\t\t<div class=\"elementor-widget-container\">\n\t\t\t\t\t<h2 class=\"elementor-heading-title elementor-size-default\">Vision<\/h2>\t\t\t\t<\/div>\n\t\t\t\t<\/div>\n\t\t\t\t<div class=\"elementor-element elementor-element-090ff5b elementor-widget elementor-widget-text-editor\" data-id=\"090ff5b\" data-element_type=\"widget\" data-e-type=\"widget\" data-widget_type=\"text-editor.default\">\n\t\t\t\t<div class=\"elementor-widget-container\">\n\t\t\t\t\t\t\t\t\t<p><em>To be the company of upholstery of reference in Barcelona, recognized for excellence in the work, innovation in designs and commitment to the satisfaction of each client.<\/em><\/p>\t\t\t\t\t\t\t\t<\/div>\n\t\t\t\t<\/div>\n\t\t\t\t\t<\/div>\n\t\t<\/div>\n\t\t\t\t\t<\/div>\n\t\t<\/section>\n\t\t\t\t\t<\/div>\n\t\t<\/div>\n\t\t\t\t\t<\/div>\n\t\t<\/section>\n\t\t\t\t<section class=\"elementor-section elementor-top-section elementor-element elementor-element-21bf95c1 elementor-section-full_width elementor-section-height-default elementor-section-height-default\" data-id=\"21bf95c1\" data-element_type=\"section\" data-e-type=\"section\">\n\t\t\t\t\t\t\t<div class=\"elementor-background-overlay\"><\/div>\n\t\t\t\t\t\t\t<div class=\"elementor-container elementor-column-gap-default\">\n\t\t\t\t\t<div class=\"elementor-column elementor-col-100 elementor-top-column elementor-element elementor-element-476ec0e4\" data-id=\"476ec0e4\" data-element_type=\"column\" data-e-type=\"column\">\n\t\t\t<div class=\"elementor-widget-wrap elementor-element-populated\">\n\t\t\t\t\t\t<div class=\"elementor-element elementor-element-6c879e4 elementor-widget elementor-widget-ucaddon_justified_image_carousel\" data-id=\"6c879e4\" data-element_type=\"widget\" data-e-type=\"widget\" data-widget_type=\"ucaddon_justified_image_carousel.default\">\n\t\t\t\t<div class=\"elementor-widget-container\">\n\t\t\t\t\t\n<!-- start Justified Image Carousel -->\n\t\t<link id='font-awesome-css' href='https:\/\/tapicerialslaronda.es\/wp-content\/plugins\/unlimited-elements-for-elementor-premium\/assets_libraries\/font-awesome6\/fontawesome-all.min.css' type='text\/css' rel='stylesheet' >\n\t\t<link id='font-awesome-4-shim-css' href='https:\/\/tapicerialslaronda.es\/wp-content\/plugins\/unlimited-elements-for-elementor-premium\/assets_libraries\/font-awesome6\/fontawesome-v4-shims.min.css' type='text\/css' rel='stylesheet' >\n\t\t<link id='owl-carousel-css' href='https:\/\/tapicerialslaronda.es\/wp-content\/plugins\/unlimited-elements-for-elementor-premium\/assets_libraries\/owl-carousel-new\/assets\/owl.carousel.css' type='text\/css' rel='stylesheet' >\n\t\t<link id='fancybox-css' href='https:\/\/tapicerialslaronda.es\/wp-content\/plugins\/unlimited-elements-for-elementor-premium\/assets_libraries\/fancybox3\/jquery.fancybox.min.css' type='text\/css' rel='stylesheet' >\n\n<style>\/* widget: Justified Image Carousel *\/\n\n#uc_justified_image_carousel_elementor_6c879e4{\n  min-height:1px;\n}\n\n#uc_justified_image_carousel_elementor_6c879e4-wrapper{\n  min-height:1px;\n}\n\n#uc_justified_image_carousel_elementor_6c879e4 img{\n  height:250px !important;\n}\n\n\n@media only screen and (max-width: 1024px) {\n  #uc_justified_image_carousel_elementor_6c879e4 img{\n    height: !important;\n  }\n}\n\n@media only screen and (max-width: 767px) {  \n  #uc_justified_image_carousel_elementor_6c879e4 img{\n    height: !important;\n  }\n  \n  }\n\n#uc_justified_image_carousel_elementor_6c879e4 .ue-item{\n  overflow:hidden;\n}\n\n#uc_justified_image_carousel_elementor_6c879e4 .item_title{\n      position:absolute;  \n    bottom:0;\n    width:100%;\n}\n\n\n#uc_justified_image_carousel_elementor_6c879e4 .owl-nav .owl-prev{\n    position:absolute;\n    \/* left:0pxpx; *\/\n    display:inline-block;\n    text-align:center;\n}\n#uc_justified_image_carousel_elementor_6c879e4 .owl-nav .owl-next{\n  position:absolute;\n  \/* right:0pxpx; *\/\n  display:inline-block;\n  text-align:center;\n}\n\n\n\n.fancybox-button,\n.fancybox-button svg path{\t\n  color: ;\n}\n.fancybox-button{\n  background-color: ;\n}\n\n.fancybox-button:hover,\n.fancybox-button:hover svg path{\t\n  color: ;\n}\n.fancybox-button:hover,\n.fancybox-button:focus{\n  background-color: ;\n}\n\n.fancybox-bg{\n  background: ;\n}\n\n.fancybox-is-open .fancybox-bg{\n  opacity: 0.9 !important;\n}\n\n  .fancybox-infobar{\n\tdisplay: none !important;\n  }\n\t\n\n  .fancybox-button--zoom{\n\tdisplay: none !important;\n  }\n\t\n\n  .fancybox-button--play{\n\tdisplay: none !important;\n  }\n\t\n\n  .fancybox-button--thumbs{\n\tdisplay: none !important;\n  }\n\t\n\n  .fancybox-button--close{\n\tdisplay: none !important;\n  }\n\t\n\n  .fancybox-navigation{\n\tdisplay: none !important;\n  }\n\n.fancybox-caption__body{\n  color: ;\n}\n\n<\/style>\n\n<div id=\"uc_justified_image_carousel_elementor_6c879e4-wrapper\">\n  <div id=\"uc_justified_image_carousel_elementor_6c879e4\" class=\"owl-carousel owl-theme uc-items-wrapper\" data-lightbox=\"false\" data-use-elementor-lightbox=\"false\" data-constant-width=\"false\"  >\n      <div class=\"item ue-item\" style=\"position:relative;\">\n  \n      <a href=\"javascript:void(0);\"> \n  \t\n  \n    \n    <img decoding=\"async\"  src=\"https:\/\/tapicerialslaronda.es\/wp-content\/uploads\/2025\/02\/cd55bce1-ca5c-4849-b13e-33f2afd2faeb.jpg\" >\n    \n  <\/a>\n  \n  \t\n  \n<\/div>\n<div class=\"item ue-item\" style=\"position:relative;\">\n  \n      <a href=\"javascript:void(0);\"> \n  \t\n  \n    \n    <img decoding=\"async\"  src=\"https:\/\/tapicerialslaronda.es\/wp-content\/uploads\/2025\/02\/66754695-af38-4259-b0ec-af49868c8b4e.jpg\" >\n    \n  <\/a>\n  \n  \t\n  \n<\/div>\n<div class=\"item ue-item\" style=\"position:relative;\">\n  \n      <a href=\"javascript:void(0);\"> \n  \t\n  \n    \n    <img decoding=\"async\"  src=\"https:\/\/tapicerialslaronda.es\/wp-content\/uploads\/2025\/02\/a08a96a1-6696-4f71-b9f0-c87bacac1899.jpg\" >\n    \n  <\/a>\n  \n  \t\n  \n<\/div>\n<div class=\"item ue-item\" style=\"position:relative;\">\n  \n      <a href=\"javascript:void(0);\"> \n  \t\n  \n    \n    <img decoding=\"async\"  src=\"https:\/\/tapicerialslaronda.es\/wp-content\/uploads\/2025\/02\/99E70B33-9EDB-42F8-94DC-6FF6E0096BE7-scaled.jpg\" >\n    \n  <\/a>\n  \n  \t\n  \n<\/div>\n \n  <\/div>\n<\/div>\n<!-- end Justified Image Carousel -->\t\t\t\t<\/div>\n\t\t\t\t<\/div>\n\t\t\t\t\t<\/div>\n\t\t<\/div>\n\t\t\t\t\t<\/div>\n\t\t<\/section>\n\t\t\t\t<\/div>","protected":false},"excerpt":{"rendered":"<p>Quienes Somos En Leansa Soluciones somos expertos en tapicer\u00eda para hogares, negocios, barcos y veh\u00edculos. Nos destacamos por nuestra calidad, atenci\u00f3n al detalle y compromiso con cada proyecto.\u00bb Compromiso con la excelencia En Leansa Soluciones, cada proyecto es una oportunidad para transformar espacios y dar nueva vida a muebles y tapizados. Nos especializamos en tapicer\u00eda [&hellip;]<\/p>\n","protected":false},"author":7,"featured_media":0,"parent":0,"menu_order":0,"comment_status":"closed","ping_status":"closed","template":"elementor_header_footer","meta":{"footnotes":""},"class_list":["post-55","page","type-page","status-publish","hentry"],"yoast_head":"<!-- This site is optimized with the Yoast SEO plugin v27.6 - https:\/\/yoast.com\/product\/yoast-seo-wordpress\/ -->\n<title>Quienes Somos - Tapicer\u00eda LS la Ronda<\/title>\n<meta name=\"robots\" content=\"index, follow, max-snippet:-1, max-image-preview:large, max-video-preview:-1\" \/>\n<link rel=\"canonical\" href=\"https:\/\/tapicerialslaronda.es\/en\/quienes-somos\/\" \/>\n<meta property=\"og:locale\" content=\"en_US\" \/>\n<meta property=\"og:type\" content=\"article\" \/>\n<meta property=\"og:title\" content=\"Quienes Somos - Tapicer\u00eda LS la Ronda\" \/>\n<meta property=\"og:description\" content=\"Quienes Somos En Leansa Soluciones somos expertos en tapicer\u00eda para hogares, negocios, barcos y veh\u00edculos. Nos destacamos por nuestra calidad, atenci\u00f3n al detalle y compromiso con cada proyecto.\u00bb Compromiso con la excelencia En Leansa Soluciones, cada proyecto es una oportunidad para transformar espacios y dar nueva vida a muebles y tapizados. Nos especializamos en tapicer\u00eda [&hellip;]\" \/>\n<meta property=\"og:url\" content=\"https:\/\/tapicerialslaronda.es\/en\/quienes-somos\/\" \/>\n<meta property=\"og:site_name\" content=\"Tapicer\u00eda LS la Ronda\" \/>\n<meta property=\"article:modified_time\" content=\"2025-02-17T21:29:11+00:00\" \/>\n<meta property=\"og:image\" content=\"https:\/\/tapicerialslaronda.es\/wp-content\/uploads\/2025\/02\/1ecd426c-4000-417d-bbe0-30ff92e41210.jpg\" \/>\n\t<meta property=\"og:image:width\" content=\"1200\" \/>\n\t<meta property=\"og:image:height\" content=\"1600\" \/>\n\t<meta property=\"og:image:type\" content=\"image\/jpeg\" \/>\n<meta name=\"twitter:card\" content=\"summary_large_image\" \/>\n<meta name=\"twitter:label1\" content=\"Est. reading time\" \/>\n\t<meta name=\"twitter:data1\" content=\"4 minutes\" \/>\n<script type=\"application\/ld+json\" class=\"yoast-schema-graph\">{\"@context\":\"https:\\\/\\\/schema.org\",\"@graph\":[{\"@type\":\"WebPage\",\"@id\":\"https:\\\/\\\/tapicerialslaronda.es\\\/quienes-somos\\\/\",\"url\":\"https:\\\/\\\/tapicerialslaronda.es\\\/quienes-somos\\\/\",\"name\":\"Quienes Somos - Tapicer\u00eda LS la Ronda\",\"isPartOf\":{\"@id\":\"https:\\\/\\\/tapicerialslaronda.es\\\/#website\"},\"primaryImageOfPage\":{\"@id\":\"https:\\\/\\\/tapicerialslaronda.es\\\/quienes-somos\\\/#primaryimage\"},\"image\":{\"@id\":\"https:\\\/\\\/tapicerialslaronda.es\\\/quienes-somos\\\/#primaryimage\"},\"thumbnailUrl\":\"https:\\\/\\\/tapicerialslaronda.es\\\/wp-content\\\/uploads\\\/2025\\\/02\\\/1ecd426c-4000-417d-bbe0-30ff92e41210-768x1024.jpg\",\"datePublished\":\"2025-02-14T18:37:15+00:00\",\"dateModified\":\"2025-02-17T21:29:11+00:00\",\"breadcrumb\":{\"@id\":\"https:\\\/\\\/tapicerialslaronda.es\\\/quienes-somos\\\/#breadcrumb\"},\"inLanguage\":\"en-US\",\"potentialAction\":[{\"@type\":\"ReadAction\",\"target\":[\"https:\\\/\\\/tapicerialslaronda.es\\\/quienes-somos\\\/\"]}]},{\"@type\":\"ImageObject\",\"inLanguage\":\"en-US\",\"@id\":\"https:\\\/\\\/tapicerialslaronda.es\\\/quienes-somos\\\/#primaryimage\",\"url\":\"https:\\\/\\\/tapicerialslaronda.es\\\/wp-content\\\/uploads\\\/2025\\\/02\\\/1ecd426c-4000-417d-bbe0-30ff92e41210-768x1024.jpg\",\"contentUrl\":\"https:\\\/\\\/tapicerialslaronda.es\\\/wp-content\\\/uploads\\\/2025\\\/02\\\/1ecd426c-4000-417d-bbe0-30ff92e41210-768x1024.jpg\"},{\"@type\":\"BreadcrumbList\",\"@id\":\"https:\\\/\\\/tapicerialslaronda.es\\\/quienes-somos\\\/#breadcrumb\",\"itemListElement\":[{\"@type\":\"ListItem\",\"position\":1,\"name\":\"Portada\",\"item\":\"https:\\\/\\\/tapicerialslaronda.es\\\/\"},{\"@type\":\"ListItem\",\"position\":2,\"name\":\"Quienes Somos\"}]},{\"@type\":\"WebSite\",\"@id\":\"https:\\\/\\\/tapicerialslaronda.es\\\/#website\",\"url\":\"https:\\\/\\\/tapicerialslaronda.es\\\/\",\"name\":\"Tapicer\u00eda LS la Ronda\",\"description\":\"Tapiceria en Barcelona\",\"potentialAction\":[{\"@type\":\"SearchAction\",\"target\":{\"@type\":\"EntryPoint\",\"urlTemplate\":\"https:\\\/\\\/tapicerialslaronda.es\\\/?s={search_term_string}\"},\"query-input\":{\"@type\":\"PropertyValueSpecification\",\"valueRequired\":true,\"valueName\":\"search_term_string\"}}],\"inLanguage\":\"en-US\"}]}<\/script>\n<!-- \/ Yoast SEO plugin. -->","yoast_head_json":{"title":"Quienes Somos - Tapicer\u00eda LS la Ronda","robots":{"index":"index","follow":"follow","max-snippet":"max-snippet:-1","max-image-preview":"max-image-preview:large","max-video-preview":"max-video-preview:-1"},"canonical":"https:\/\/tapicerialslaronda.es\/en\/quienes-somos\/","og_locale":"en_US","og_type":"article","og_title":"Quienes Somos - Tapicer\u00eda LS la Ronda","og_description":"Quienes Somos En Leansa Soluciones somos expertos en tapicer\u00eda para hogares, negocios, barcos y veh\u00edculos. Nos destacamos por nuestra calidad, atenci\u00f3n al detalle y compromiso con cada proyecto.\u00bb Compromiso con la excelencia En Leansa Soluciones, cada proyecto es una oportunidad para transformar espacios y dar nueva vida a muebles y tapizados. Nos especializamos en tapicer\u00eda [&hellip;]","og_url":"https:\/\/tapicerialslaronda.es\/en\/quienes-somos\/","og_site_name":"Tapicer\u00eda LS la Ronda","article_modified_time":"2025-02-17T21:29:11+00:00","og_image":[{"width":1200,"height":1600,"url":"https:\/\/tapicerialslaronda.es\/wp-content\/uploads\/2025\/02\/1ecd426c-4000-417d-bbe0-30ff92e41210.jpg","type":"image\/jpeg"}],"twitter_card":"summary_large_image","twitter_misc":{"Est. reading time":"4 minutes"},"schema":{"@context":"https:\/\/schema.org","@graph":[{"@type":"WebPage","@id":"https:\/\/tapicerialslaronda.es\/quienes-somos\/","url":"https:\/\/tapicerialslaronda.es\/quienes-somos\/","name":"Quienes Somos - Tapicer\u00eda LS la Ronda","isPartOf":{"@id":"https:\/\/tapicerialslaronda.es\/#website"},"primaryImageOfPage":{"@id":"https:\/\/tapicerialslaronda.es\/quienes-somos\/#primaryimage"},"image":{"@id":"https:\/\/tapicerialslaronda.es\/quienes-somos\/#primaryimage"},"thumbnailUrl":"https:\/\/tapicerialslaronda.es\/wp-content\/uploads\/2025\/02\/1ecd426c-4000-417d-bbe0-30ff92e41210-768x1024.jpg","datePublished":"2025-02-14T18:37:15+00:00","dateModified":"2025-02-17T21:29:11+00:00","breadcrumb":{"@id":"https:\/\/tapicerialslaronda.es\/quienes-somos\/#breadcrumb"},"inLanguage":"en-US","potentialAction":[{"@type":"ReadAction","target":["https:\/\/tapicerialslaronda.es\/quienes-somos\/"]}]},{"@type":"ImageObject","inLanguage":"en-US","@id":"https:\/\/tapicerialslaronda.es\/quienes-somos\/#primaryimage","url":"https:\/\/tapicerialslaronda.es\/wp-content\/uploads\/2025\/02\/1ecd426c-4000-417d-bbe0-30ff92e41210-768x1024.jpg","contentUrl":"https:\/\/tapicerialslaronda.es\/wp-content\/uploads\/2025\/02\/1ecd426c-4000-417d-bbe0-30ff92e41210-768x1024.jpg"},{"@type":"BreadcrumbList","@id":"https:\/\/tapicerialslaronda.es\/quienes-somos\/#breadcrumb","itemListElement":[{"@type":"ListItem","position":1,"name":"Portada","item":"https:\/\/tapicerialslaronda.es\/"},{"@type":"ListItem","position":2,"name":"Quienes Somos"}]},{"@type":"WebSite","@id":"https:\/\/tapicerialslaronda.es\/#website","url":"https:\/\/tapicerialslaronda.es\/","name":"Tapicer\u00eda LS la Ronda","description":"Tapiceria en Barcelona","potentialAction":[{"@type":"SearchAction","target":{"@type":"EntryPoint","urlTemplate":"https:\/\/tapicerialslaronda.es\/?s={search_term_string}"},"query-input":{"@type":"PropertyValueSpecification","valueRequired":true,"valueName":"search_term_string"}}],"inLanguage":"en-US"}]}},"_links":{"self":[{"href":"https:\/\/tapicerialslaronda.es\/en\/wp-json\/wp\/v2\/pages\/55","targetHints":{"allow":["GET"]}}],"collection":[{"href":"https:\/\/tapicerialslaronda.es\/en\/wp-json\/wp\/v2\/pages"}],"about":[{"href":"https:\/\/tapicerialslaronda.es\/en\/wp-json\/wp\/v2\/types\/page"}],"author":[{"embeddable":true,"href":"https:\/\/tapicerialslaronda.es\/en\/wp-json\/wp\/v2\/users\/7"}],"replies":[{"embeddable":true,"href":"https:\/\/tapicerialslaronda.es\/en\/wp-json\/wp\/v2\/comments?post=55"}],"version-history":[{"count":13,"href":"https:\/\/tapicerialslaronda.es\/en\/wp-json\/wp\/v2\/pages\/55\/revisions"}],"predecessor-version":[{"id":336,"href":"https:\/\/tapicerialslaronda.es\/en\/wp-json\/wp\/v2\/pages\/55\/revisions\/336"}],"wp:attachment":[{"href":"https:\/\/tapicerialslaronda.es\/en\/wp-json\/wp\/v2\/media?parent=55"}],"curies":[{"name":"wp","href":"https:\/\/api.w.org\/{rel}","templated":true}]}}